{"id":32444,"date":"2020-02-24T22:15:15","date_gmt":"2020-02-24T20:15:15","guid":{"rendered":"https:\/\/habitrealestate.com\/nosotros\/"},"modified":"2025-02-01T18:21:32","modified_gmt":"2025-02-01T16:21:32","slug":"nosotros","status":"publish","type":"page","link":"https:\/\/www.leros-realestate.com\/es\/nosotros\/","title":{"rendered":"Nosotros"},"content":{"rendered":"\t\t<div data-elementor-type=\"wp-page\" data-elementor-id=\"32444\" class=\"elementor elementor-32444 elementor-16650\">\n\t\t\t\t\t\t<section class=\"elementor-section elementor-top-section elementor-element elementor-element-09038dc elementor-section-content-top elementor-section-boxed elementor-section-height-default elementor-section-height-default\" data-id=\"09038dc\" data-element_type=\"section\" data-settings=\"{&quot;background_background&quot;:&quot;classic&quot;}\">\n\t\t\t\t\t\t\t<div class=\"elementor-background-overlay\"><\/div>\n\t\t\t\t\t\t\t<div class=\"elementor-container elementor-column-gap-no\">\n\t\t\t\t\t<div class=\"elementor-column elementor-col-100 elementor-top-column elementor-element elementor-element-c8278ac\" data-id=\"c8278ac\" data-element_type=\"column\" data-settings=\"{&quot;background_background&quot;:&quot;classic&quot;}\">\n\t\t\t<div class=\"elementor-widget-wrap elementor-element-populated\">\n\t\t\t\t\t\t<div class=\"elementor-element elementor-element-d13ab62 elementor-widget elementor-widget-heading\" data-id=\"d13ab62\" data-element_type=\"widget\" data-widget_type=\"heading.default\">\n\t\t\t\t<div class=\"elementor-widget-container\">\n\t\t\t<h2 class=\"elementor-heading-title elementor-size-default\">Unas palabras sobre nosotros<\/h2>\t\t<\/div>\n\t\t\t\t<\/div>\n\t\t\t\t<div class=\"elementor-element elementor-element-69fe9b8 elementor-widget__width-initial elementor-widget elementor-widget-text-editor\" data-id=\"69fe9b8\" data-element_type=\"widget\" data-widget_type=\"text-editor.default\">\n\t\t\t\t<div class=\"elementor-widget-container\">\n\t\t\t\t\t\t\t<div id=\"qe-faq-3553\" class=\"qe-faq-content\" style=\"padding-top: 1px; margin: 10px 0px; color: #75797a; font-family: Helvetica, Arial, sans-serif; font-size: 14px; text-align: start;\">\n<h4 style=\"margin: 0px 0px 15px; font-family: Roboto, Helvetica, Arial, sans-serif; font-weight: normal; line-height: 26px; color: #394041; text-rendering: optimizelegibility; font-size: 20px;\">Nuestra Empresa<\/h4>\n<div id=\"qe-faq-3553\" class=\"qe-faq-content\" style=\"padding-top: 1px; margin: 10px 0px; color: #75797a; font-family: Helvetica, Arial, sans-serif; font-size: 14px; text-transform: none;\">\n<p style=\"margin-right: 0px; margin-bottom: 15px; margin-left: 0px; line-height: 27px; font-size: 13px;\"><b><img decoding=\"async\" style=\"border-width: 0px; border-style: initial; margin-right: 15px;\" src=\"\/wp-content\/uploads\/2024\/10\/mylos.jpg\" width=\"228\" align=\"left\" border=\"0\"><\/b>ofrece una propuesta completa en el exigente campo del mercado inmobiliario en las islas del norte del Dodecaneso y otras partes seleccionadas de Grecia, en funci\u00f3n de las necesidades de nuestros clientes y de las oportunidades generales de beneficio en este mercado. Con la empresa de construcci\u00f3n y consultor\u00eda &#8220;<a href=\"http:\/\/domon.biz\" target=\"_blank\" rel=\"noopener\">Domon Architects<\/a>&#8220;, que es la segunda firma de nuestro peque\u00f1o grupo, podremos dar la soluci\u00f3n definitiva y significativa a una inversi\u00f3n inmobiliaria. Somos miembros de todas las asociaciones oficiales nacionales (griegas) e internacionales de agentes inmobiliarios y constructores.  <\/p>\n<\/div>\n<h4 style=\"margin-right: 0px; margin-bottom: 15px; margin-left: 0px; font-family: Roboto, Helvetica, Arial, sans-serif; line-height: 26px; color: #394041; text-rendering: optimizelegibility; font-size: 20px;\">Nuestra historia<\/h4>\n<div id=\"qe-faq-3553\" class=\"qe-faq-content\" style=\"padding-top: 1px; margin: 10px 0px; color: #75797a; font-family: Helvetica, Arial, sans-serif; font-size: 14px; text-transform: none;\">\n<p style=\"margin-right: 0px; margin-bottom: 15px; margin-left: 0px; line-height: 27px; font-size: 13px;\"><img decoding=\"async\" style=\"border-width: 0px; border-style: initial; margin-right: 15px;\" src=\"\/wp-content\/uploads\/2024\/10\/4-2.jpg\" width=\"228\" align=\"left\" border=\"0\"><b>El<\/b> propietario y los colaboradores de Habit and Domon cuentan con una experiencia de 20 a\u00f1os en el suministro de servicios inmobiliarios y de construcci\u00f3n, cuando realmente empezaron a ofrecer servicios completos en residencias, como estudio, supervisi\u00f3n y construcci\u00f3n, y en construcciones especiales, como unidades hoteleras, reconstrucciones de monumentos y memoriales y otros edificios de estilo cl\u00e1sico y tradicional. Durante este per\u00edodo, no solo se hizo evidente la necesidad de asesoramiento al cliente, sino tambi\u00e9n en todo tipo de inversiones, en lo que respecta al conjunto de tareas en cualquier proyecto de construcci\u00f3n desde cero. Para que una inversi\u00f3n tenga \u00e9xito o no, el factor que se debe tener en cuenta es el asesoramiento adecuado; la elecci\u00f3n precisa del lugar, los medios adecuados de financiaci\u00f3n, el uso preciso y la promoci\u00f3n son elementos que determinan el \u00e9xito de la inversi\u00f3n m\u00e1s que la realizaci\u00f3n misma.   En primer lugar, nos dimos cuenta de que la mayor\u00eda de nuestros clientes hab\u00edan sufrido consecuencias nefastas debido a decisiones equivocadas, asociaciones inadecuadas, p\u00e9rdida de tiempo en burocracia o incluso la negaci\u00f3n de responsabilidades de todas las personas que participaron durante todo el proceso. El resultado final fue solo una peque\u00f1a parte del objetivo inicial. Por lo tanto, aunque no ten\u00edamos infraestructura ni experiencia, decidimos unir todo y centralizar todas las actividades necesarias para poner estas inversiones en \u00f3rbita con \u00e9xito. Inmediatamente comprendimos que esto no es un trabajo de aficionados y que es necesario no solo tener la infraestructura necesaria, sino sobre todo una estrategia, una divisi\u00f3n de tareas y una supervisi\u00f3n cuidadosa durante la implementaci\u00f3n del proyecto para aprovechar al m\u00e1ximo todos los beneficios potenciales. Teniendo en cuenta todo lo anterior, se crearon estas dos empresas con la misi\u00f3n com\u00fan de gestionar, implementar y controlar cada desarrollo ofreciendo una amplia gama de servicios, desde la investigaci\u00f3n, la negociaci\u00f3n y la compra hasta la ejecuci\u00f3n, pasando por el seguro y el mantenimiento. Cada una de estas empresas interconectadas tiene su propia presencia por separado, en la industria inmobiliaria y de la construcci\u00f3n, dependiendo de la naturaleza del producto o servicio que ofrecen o el p\u00fablico al que se dirigen. Intentar siempre ofrecer lo mejor y ofrecer siempre un servicio de calidad es su caracter\u00edstica com\u00fan. Por ello, se dirigen a un p\u00fablico muy exigente que demanda ofertas excepcionales, calidad, dise\u00f1o y asesoramiento a largo plazo.       <\/p>\n<\/div>\n<h4 style=\"margin-right: 0px; margin-bottom: 15px; margin-left: 0px; font-family: Roboto, Helvetica, Arial, sans-serif; line-height: 26px; color: #394041; text-rendering: optimizelegibility; font-size: 20px;\">El Personal<\/h4>\n<div id=\"qe-faq-3553\" class=\"qe-faq-content\" style=\"padding-top: 1px; margin: 10px 0px; color: #75797a; font-family: Helvetica, Arial, sans-serif; font-size: 14px; text-transform: none;\">\n<p style=\"margin-right: 0px; margin-bottom: 15px; margin-left: 0px; line-height: 27px; font-size: 13px;\"><img decoding=\"async\" style=\"border-width: 0px; border-style: initial; margin-right: 15px;\" src=\"\/wp-content\/uploads\/2024\/10\/2-3.jpg\" width=\"228\" align=\"left\" border=\"0\"><b>Los<\/b> propietarios y nuestros asociados han recibido una buena formaci\u00f3n y capacitaci\u00f3n a trav\u00e9s de estudios t\u00e9cnicos. Adem\u00e1s, su experiencia a lo largo de estos a\u00f1os les ha permitido contar con la experiencia profesional necesaria para tratar de manera lucrativa con todos los clientes.  El director gerente (y propietario) es Stavros Tselemegos. Se gradu\u00f3 en la Universidad de Florencia como Ingeniero Arquitecto y ampli\u00f3 sus conocimientos en la Universidad de Roma especializ\u00e1ndose en restauraci\u00f3n de monumentos con un m\u00e1ster. Adem\u00e1s de Italia, vivi\u00f3 durante per\u00edodos en Francia y Espa\u00f1a, donde tambi\u00e9n trabaj\u00f3 en construcciones selectivas. Adem\u00e1s, trabaj\u00f3 en Atenas, Mykonos y el norte del Dodecaneso (Leros, Patmos, Lipsoi, Kalymnos y Agathonisi). Tambi\u00e9n es propietario de la empresa de arquitectura y construcci\u00f3n &#8220;<a href=\"https:\/\/domon.biz\" target=\"_blank\" rel=\"noopener\">Domon Architects<\/a>&#8221; Tiene su base en Leros y trabaja en todo el Dodecaneso Norte. Tambi\u00e9n es contratista y constructor de viviendas para proyectos de construcci\u00f3n y dise\u00f1o exterior. Habla ingl\u00e9s, franc\u00e9s, espa\u00f1ol, italiano y griego. Decidi\u00f3 vivir y trabajar en el complejo del Dodecaneso Norte, teniendo como base una isla con un notable trasfondo hist\u00f3rico y belleza natural, la isla de Leros. Leros ha demostrado ser una elecci\u00f3n acertada hasta el momento, ya que ofrece una alta calidad de vida y altos est\u00e1ndares de trabajo en relaci\u00f3n con los lugares metropolitanos tanto de Grecia como de Europa. Su sitio web personal como arquitecto es: <a style=\"color: #8b9293;\" href=\"https:\/\/tselemegos.com\/\" target=\"_blank\" rel=\"noopener\">Este<\/a>         <\/p>\n<\/div>\n<\/div>\n\t\t\t\t\t\t<\/div>\n\t\t\t\t<\/div>\n\t\t\t\t\t<\/div>\n\t\t<\/div>\n\t\t\t\t\t<\/div>\n\t\t<\/section>\n\t\t<div class=\"elementor-element elementor-element-3ae5af6 e-con-full e-flex e-con e-parent\" data-id=\"3ae5af6\" data-element_type=\"container\" data-settings=\"{&quot;background_background&quot;:&quot;classic&quot;}\">\n\t\t<div class=\"elementor-element elementor-element-63a9762 e-con-full e-flex e-con e-child\" data-id=\"63a9762\" data-element_type=\"container\">\n\t\t\t\t<div class=\"elementor-element elementor-element-aff7f06 elementor-widget elementor-widget-text-editor\" data-id=\"aff7f06\" data-element_type=\"widget\" data-widget_type=\"text-editor.default\">\n\t\t\t\t<div class=\"elementor-widget-container\">\n\t\t\t\t\t\t\t<p><strong>Suscr\u00edbete a nuestro Newsletter, para recibir primero nuestros Nuevos Anuncios y Promociones.<\/strong><\/p>\t\t\t\t\t\t<\/div>\n\t\t\t\t<\/div>\n\t\t\t\t<\/div>\n\t\t\t\t<div class=\"elementor-element elementor-element-a55a1de elementor-button-align-stretch elementor-widget elementor-widget-houzez_elementor_contact_form\" data-id=\"a55a1de\" data-element_type=\"widget\" data-widget_type=\"houzez_elementor_contact_form.default\">\n\t\t\t\t<div class=\"elementor-widget-container\">\n\t\t\t\n        <script type=\"application\/javascript\">\n            jQuery(document).bind(\"ready\", function () {\n                houzezValidateElementor(\"#houzez-form-a55a1de\" );\n            });\n        <\/script>\n\n        <form class=\"elementor-form\" id=\"houzez-form-a55a1de\" method=\"post\" name=\"Suscripci\u00f3n al Newsletter\" action=\"https:\/\/www.leros-realestate.com\/wp-admin\/admin-ajax.php\">\n            <input type=\"hidden\" name=\"form_id\" value=\"a55a1de\"\/>\n            <input type=\"hidden\" name=\"houzez_contact_form\" value=\"yes\"\/>\n            <input type=\"hidden\" name=\"action\" value=\"houzez_ele_contact_form\" \/>\n            <input type=\"hidden\" name=\"source_link\" value=\"https:\/\/www.leros-realestate.com\/es\/nosotros\/\" \/>\n            <input type=\"hidden\" name=\"lead_page_id\" value=\"32444\" \/>\n            <input type=\"hidden\" name=\"email_to\" value=\"newsletter@habitrealestate.com\" \/>\n            <input type=\"hidden\" name=\"email_subject\" value=\"New message from &quot;Habit RealEstate &amp; Constructions Company in the Dodecanese islands&quot;\" \/>\n            <input type=\"hidden\" name=\"email_to_cc\" value=\"\" \/>\n            <input type=\"hidden\" name=\"email_to_bcc\" value=\"\" \/>\n            <input type=\"hidden\" name=\"webhook\" value=\"true\" \/>\n            <input type=\"hidden\" name=\"webhook_url\" value=\"\" \/>\n            <input type=\"hidden\" name=\"redirect_to\" value=\"\" \/>\n            <input type=\"hidden\" name=\"google_recaptcha\" value=\"yes\" \/>\n            \n\n            <div class=\"elementor-form-fields-wrapper elementor-labels-above\">\n\n                                    <div class=\"elementor-field-group elementor-column form-group elementor-field-group-name elementor-col-33 elementor-field-required elementor-mark-required\">\n                    <label for=\"form-field-name\" class=\"elementor-field-label\">Nombre<\/label><input type=\"text\" name=\"name\" id=\"form-field-name\" class=\"elementor-field form-control elementor-size-xs elementor-field-textual\" placeholder=\"Su Nombre\" title=\"* Nombre\" required=\"required\">                    <\/div>\n\n                                        <div class=\"elementor-field-group elementor-column form-group elementor-field-group-email elementor-col-33 elementor-field-required elementor-mark-required\">\n                    <label for=\"form-field-email\" class=\"elementor-field-label\">Correo Electr\u00f3nico<\/label><input type=\"email\" name=\"email\" id=\"form-field-email\" class=\"elementor-field form-control elementor-size-xs elementor-field-textual\" placeholder=\"Su Email\" title=\"* Correo Electr\u00f3nico\" required=\"required\">                    <\/div>\n\n                    \n                    \n                                        <div class=\"\">\n                        <div class=\"form-group captcha_wrapper houzez-grecaptcha-v3\">\n    <div class=\"houzez_google_reCaptcha\"><\/div>\n<\/div>\n                    <\/div>\n                    \n                    <div class=\"elementor-field-group elementor-column elementor-field-type-submit elementor-col-33\">\n                    <button type=\"submit\" class=\"houzez-submit-button houzez-contact-form-js elementor-button elementor-size-sm\">\n                        <i class=\"btn-loader houzez-loader-js\"><\/i>\n                                                    Suscribete                                            <\/button>\n                <\/div>\n            <\/div><!-- End wrapper-->\n            <br\/>\n            <div class=\"ele-form-messages\"><\/div>\n            <div class=\"error-container\"><\/div>\n\n        <\/form>\n\n    \t\t<\/div>\n\t\t\t\t<\/div>\n\t\t\t\t<\/div>\n\t\t\t\t<\/div>\n\t\t","protected":false},"excerpt":{"rendered":"<p>Unas palabras sobre nosotros Nuestra Empresa ofrece una propuesta completa en el exigente campo del mercado inmobiliario en las islas del norte del Dodecaneso y otras partes seleccionadas de Grecia, en funci\u00f3n de las necesidades de nuestros clientes y de las oportunidades generales de beneficio en este mercado. Con la empresa de construcci\u00f3n y consultor\u00eda [&hellip;]<\/p>\n","protected":false},"author":1,"featured_media":30601,"parent":0,"menu_order":0,"comment_status":"closed","ping_status":"closed","template":"","meta":{"footnotes":""},"class_list":["post-32444","page","type-page","status-publish","has-post-thumbnail","hentry"],"_links":{"self":[{"href":"https:\/\/www.leros-realestate.com\/es\/wp-json\/wp\/v2\/pages\/32444","targetHints":{"allow":["GET"]}}],"collection":[{"href":"https:\/\/www.leros-realestate.com\/es\/wp-json\/wp\/v2\/pages"}],"about":[{"href":"https:\/\/www.leros-realestate.com\/es\/wp-json\/wp\/v2\/types\/page"}],"author":[{"embeddable":true,"href":"https:\/\/www.leros-realestate.com\/es\/wp-json\/wp\/v2\/users\/1"}],"replies":[{"embeddable":true,"href":"https:\/\/www.leros-realestate.com\/es\/wp-json\/wp\/v2\/comments?post=32444"}],"version-history":[{"count":6,"href":"https:\/\/www.leros-realestate.com\/es\/wp-json\/wp\/v2\/pages\/32444\/revisions"}],"predecessor-version":[{"id":32930,"href":"https:\/\/www.leros-realestate.com\/es\/wp-json\/wp\/v2\/pages\/32444\/revisions\/32930"}],"wp:featuredmedia":[{"embeddable":true,"href":"https:\/\/www.leros-realestate.com\/es\/wp-json\/wp\/v2\/media\/30601"}],"wp:attachment":[{"href":"https:\/\/www.leros-realestate.com\/es\/wp-json\/wp\/v2\/media?parent=32444"}],"curies":[{"name":"wp","href":"https:\/\/api.w.org\/{rel}","templated":true}]}}