{"id":32798,"date":"2024-10-08T16:55:36","date_gmt":"2024-10-08T14:55:36","guid":{"rendered":"https:\/\/habitrealestate.com\/servicios\/"},"modified":"2025-02-02T16:03:05","modified_gmt":"2025-02-02T14:03:05","slug":"servicios","status":"publish","type":"page","link":"https:\/\/www.leros-realestate.com\/es\/servicios\/","title":{"rendered":"Servicios"},"content":{"rendered":"\t\t<div data-elementor-type=\"wp-page\" data-elementor-id=\"32798\" class=\"elementor elementor-32798 elementor-22372\">\n\t\t\t\t<div class=\"elementor-element elementor-element-08f452e e-flex e-con-boxed e-con e-parent\" data-id=\"08f452e\" data-element_type=\"container\">\n\t\t\t\t\t<div class=\"e-con-inner\">\n\t\t<div class=\"elementor-element elementor-element-0775066 e-con-full e-flex e-con e-child\" data-id=\"0775066\" data-element_type=\"container\">\n\t\t\t\t<div class=\"elementor-element elementor-element-d31d762 elementor-widget elementor-widget-heading\" data-id=\"d31d762\" data-element_type=\"widget\" data-widget_type=\"heading.default\">\n\t\t\t\t<div class=\"elementor-widget-container\">\n\t\t\t<h2 class=\"elementor-heading-title elementor-size-default\">Servicios que brindamos<\/h2>\t\t<\/div>\n\t\t\t\t<\/div>\n\t\t\t\t<\/div>\n\t\t\t\t\t<\/div>\n\t\t\t\t<\/div>\n\t\t<div class=\"elementor-element elementor-element-3fbb43c e-flex e-con-boxed e-con e-parent\" data-id=\"3fbb43c\" data-element_type=\"container\">\n\t\t\t\t\t<div class=\"e-con-inner\">\n\t\t\t\t<div class=\"elementor-element elementor-element-fe5b03a elementor-widget elementor-widget-text-editor\" data-id=\"fe5b03a\" data-element_type=\"widget\" data-widget_type=\"text-editor.default\">\n\t\t\t\t<div class=\"elementor-widget-container\">\n\t\t\t\t\t\t\t<div id=\"qe-faq-3553\" class=\"qe-faq-content\">\n<h4><u>1. SERVICIOS INMOBILIARIOS<\/u><\/h4>\n<b>a) Servicios de venta de propiedades<\/b><br>\nEste servicio est\u00e1 dirigido a propietarios de propiedades. Nos encargamos de la venta de estas propiedades a trav\u00e9s de nuestra amplia cartera de clientes, a la espera de encontrar la propiedad adecuada, y por supuesto a trav\u00e9s de nuestro sitio web, dirigi\u00e9ndolo a todos los motores de b\u00fasqueda cre\u00edbles, con la demostraci\u00f3n y promoci\u00f3n adecuadas. Para llevar a cabo la venta de su propiedad, necesitamos tener varios documentos. Para ver lo que necesitamos, <span style=\"color: #c78822;\"><a href=\"#wow-modal-id-16\">consulte aqu\u00ed.<\/a><\/span><br>\n<b>b) Compras<\/b><br>\nLos servicios de compra implican el proceso de b\u00fasqueda y localizaci\u00f3n de propiedades adecuadas para compradores potenciales.<i>Habit<\/i> se ocupa de una amplia gama de propiedades y al menos una de ellas se adapta a sus necesidades.<br>\n<b>d) Alquileres<\/b><br>\nLos alquileres se refieren a los propietarios que est\u00e1n interesados \u200b\u200ben alquilar sus propiedades a otros para uso personal o profesional. Especialmente en residencias, el alquiler tiene un per\u00edodo m\u00ednimo de 3 meses con un alquiler mensual o se paga con una cantidad fija por un per\u00edodo determinado. Ofrecemos en nuestro sitio web Listados de alquileres gratuitos para este prop\u00f3sito. Los arrendadores deben hacer clic en el bot\u00f3n <a href=\"\/es\/create-listing\/\" target=\"_blank\" rel=\"noopener\"> \u201cCrear anuncio de alquiler gratuito\u201d<\/a> , iniciar sesi\u00f3n o registrarse (si no lo est\u00e1n), completar el formulario con todos los detalles necesarios sobre su propiedad, escribir sus datos personales de contacto (tel\u00e9fono, correo electr\u00f3nico u otros) en la descripci\u00f3n, para que las personas interesadas se pongan en contacto directamente con ellos, y luego publicar el anuncio. No se aplican tarifas de corretaje.<br>\n<b>d) Rentas<\/b><br>\nEst\u00e1 dirigido a posibles inquilinos para uso personal o profesional. Si est\u00e1 interesado en alquilar uno, puede elegir seg\u00fan sus necesidades entre varias propiedades listadas. Para empresas, podemos brindarle algunas ideas de inversi\u00f3n, mostr\u00e1ndole \u00e1reas con actividad comercial y propiedades para explotaci\u00f3n comercial. Tener la ubicaci\u00f3n perfecta para su negocio mejora su misi\u00f3n comercial y lo ayuda a alcanzar sus objetivos. Si necesita este tipo de ayuda, no dude en contactarnos a trav\u00e9s del Formulario de Asistencia Inmobiliaria en nuestra p\u00e1gina de inicio.\n<br>\n&nbsp;\n\n<\/div>\n<div id=\"qe-faq-3553\" class=\"qe-faq-content\">\n<h4><u>2. SOPORTE DE VENTAS Y POSTVENTA<\/u><\/h4>\n<b>a) Estimaciones<\/b><br>\nLa estimaci\u00f3n de una propiedad es un requisito previo necesario para definir correctamente su valor comercial. Es un factor que facilita o inhibe el proceso de venta de la propiedad. La tasaci\u00f3n del valor comercial de los inmuebles es un servicio gratuito que se ofrece a los propietarios que conf\u00edan exclusivamente en nosotros. Se lleva a cabo cuando se pretende una explotaci\u00f3n profesional, seg\u00fan las condiciones de compra y las propuestas comerciales. Es de gran utilidad a la hora de valorar, comprar o no un determinado inmueble. Tambi\u00e9n es un factor determinante en la toma de decisiones.<br>\n<b>b) Contabilidad<\/b><br>\nTodos los procedimientos contables se llevan a cabo en nuestro socio especializado, con nuestra supervisi\u00f3n y observaci\u00f3n directa, asegurando de esta manera un servicio inmediato y preciso.<br>\n<b>c) Control legal<\/b><br>\nAntes de emprender cualquier delegaci\u00f3n para representar en la venta de un inmueble, realizamos un primer control legal sumario. En el momento de la firma de los contratos finales o cualquier documento oficial, nuestros clientes son informados exhaustivamente por nuestros abogados asociados, y se lleva a cabo un control legal completo. De esta manera, aseguramos las mayores medidas de protecci\u00f3n posibles para ambas partes.\n<br>\n&nbsp;\n\n<\/div>\n<div id=\"qe-faq-3553\" class=\"qe-faq-content\">\n<h4><u>3. CONSTRUCCIONES<\/u><\/h4>\n<b>Construcciones y consultor\u00eda de ingenier\u00eda<\/b><br>\nHabit utiliza todas las posibilidades y conocimientos de nuestro socio Domon, y en cooperaci\u00f3n (y a menudo bajo supervisi\u00f3n) asumimos cualquier asunto de construcci\u00f3n e ingenier\u00eda de consultor\u00eda. Todo esto se explica con todos los detalles necesarios en la p\u00e1gina sobre <a href=\"\/es\/construcciones\/\" target=\"_blank\" rel=\"noopener\">Construcciones<\/a>. Algunos de nuestros trabajos los puedes ver en nuestra p\u00e1gina de <a href=\"\/es\/portafolio\/\" target=\"_blank\" rel=\"noopener\">Portafolio<\/a>.<br><br>\n<h4><u>4. OTROS SERVICIOS<\/u><\/h4>\n<b>a) Mantenimiento y cuidado de la propiedad<\/b><br>\n<b style=\"color: #75797a; font-family: Helvetica, Arial, sans-serif; font-size: 14px;\">Habit<\/b> se encarga de todas las tareas relacionadas con la vigilancia de la propiedad, como facturas, salarios, limpieza, jardiner\u00eda y control de conservaci\u00f3n.\n<br>\n<b>b) Customer Support<\/b><br>\nEl personal de\n<b style=\"color: #75797a;\">\nHabit<\/b> est\u00e1 siempre disponible. Puedes contactarnos por correo electr\u00f3nico, tel\u00e9fono o visitarnos. Consulta nuestra p\u00e1gina de <a href=\"\/es\/contacto\/\" target=\"_blank\" rel=\"noopener\"> Contacto <\/a> o anota nuestros datos de contacto en el pie de p\u00e1gina de esta p\u00e1gina. \u00a1Estamos dispuestos a ayudarte en todo lo que podamos!\n\n<\/div>\t\t\t\t\t\t<\/div>\n\t\t\t\t<\/div>\n\t\t\t\t\t<\/div>\n\t\t\t\t<\/div>\n\t\t<div class=\"elementor-element elementor-element-1cce46b e-flex e-con-boxed e-con e-parent\" data-id=\"1cce46b\" data-element_type=\"container\">\n\t\t\t\t\t<div class=\"e-con-inner\">\n\t\t<div class=\"elementor-element elementor-element-b682a7a e-con-full e-flex e-con e-child\" data-id=\"b682a7a\" data-element_type=\"container\" data-settings=\"{&quot;background_background&quot;:&quot;classic&quot;}\">\n\t\t<div class=\"elementor-element elementor-element-f0c7c07 e-con-full e-flex e-con e-child\" data-id=\"f0c7c07\" data-element_type=\"container\">\n\t\t\t\t<div class=\"elementor-element elementor-element-1cce1eb elementor-widget elementor-widget-text-editor\" data-id=\"1cce1eb\" data-element_type=\"widget\" data-widget_type=\"text-editor.default\">\n\t\t\t\t<div class=\"elementor-widget-container\">\n\t\t\t\t\t\t\t<strong><span style=\"font-size: ;\">Suscr\u00edbete a nuestro Newsletter, para recibir primero nuestros Nuevos Anuncios y Promociones.<\/span><\/strong>\t\t\t\t\t\t<\/div>\n\t\t\t\t<\/div>\n\t\t\t\t<\/div>\n\t\t\t\t<div class=\"elementor-element elementor-element-a780b29 elementor-button-align-stretch elementor-widget elementor-widget-houzez_elementor_contact_form\" data-id=\"a780b29\" data-element_type=\"widget\" data-widget_type=\"houzez_elementor_contact_form.default\">\n\t\t\t\t<div class=\"elementor-widget-container\">\n\t\t\t\n        <script type=\"application\/javascript\">\n            jQuery(document).bind(\"ready\", function () {\n                houzezValidateElementor(\"#houzez-form-a780b29\" );\n            });\n        <\/script>\n\n        <form class=\"elementor-form\" id=\"houzez-form-a780b29\" method=\"post\" name=\"Newsletter Subscription\" action=\"https:\/\/www.leros-realestate.com\/wp-admin\/admin-ajax.php\">\n            <input type=\"hidden\" name=\"form_id\" value=\"a780b29\"\/>\n            <input type=\"hidden\" name=\"houzez_contact_form\" value=\"yes\"\/>\n            <input type=\"hidden\" name=\"action\" value=\"houzez_ele_contact_form\" \/>\n            <input type=\"hidden\" name=\"source_link\" value=\"https:\/\/www.leros-realestate.com\/es\/servicios\/\" \/>\n            <input type=\"hidden\" name=\"lead_page_id\" value=\"32798\" \/>\n            <input type=\"hidden\" name=\"email_to\" value=\"newsletter@habitrealestate.com\" \/>\n            <input type=\"hidden\" name=\"email_subject\" value=\"New message from &quot;Habit RealEstate &amp; Constructions Company in the Dodecanese islands&quot;\" \/>\n            <input type=\"hidden\" name=\"email_to_cc\" value=\"\" \/>\n            <input type=\"hidden\" name=\"email_to_bcc\" value=\"\" \/>\n            <input type=\"hidden\" name=\"webhook\" value=\"true\" \/>\n            <input type=\"hidden\" name=\"webhook_url\" value=\"\" \/>\n            <input type=\"hidden\" name=\"redirect_to\" value=\"\" \/>\n            <input type=\"hidden\" name=\"google_recaptcha\" value=\"yes\" \/>\n            \n\n            <div class=\"elementor-form-fields-wrapper elementor-labels-above\">\n\n                                    <div class=\"elementor-field-group elementor-column form-group elementor-field-group-name elementor-col-33 elementor-field-required elementor-mark-required\">\n                    <label for=\"form-field-name\" class=\"elementor-field-label\">Nombre<\/label><input type=\"text\" name=\"name\" id=\"form-field-name\" class=\"elementor-field form-control elementor-size-xs elementor-field-textual\" placeholder=\"Su Nombre\" title=\"* Nombre\" required=\"required\">                    <\/div>\n\n                                        <div class=\"elementor-field-group elementor-column form-group elementor-field-group-email elementor-col-33 elementor-field-required elementor-mark-required\">\n                    <label for=\"form-field-email\" class=\"elementor-field-label\">Correo Electr\u00f3nico<\/label><input type=\"email\" name=\"email\" id=\"form-field-email\" class=\"elementor-field form-control elementor-size-xs elementor-field-textual\" placeholder=\"Su Email\" title=\"* Correo Electr\u00f3nico\" required=\"required\">                    <\/div>\n\n                    \n                    \n                                        <div class=\"\">\n                        <div class=\"form-group captcha_wrapper houzez-grecaptcha-v3\">\n    <div class=\"houzez_google_reCaptcha\"><\/div>\n<\/div>\n                    <\/div>\n                    \n                    <div class=\"elementor-field-group elementor-column elementor-field-type-submit elementor-col-33\">\n                    <button type=\"submit\" class=\"houzez-submit-button houzez-contact-form-js elementor-button elementor-size-sm\">\n                        <i class=\"btn-loader houzez-loader-js\"><\/i>\n                                                    Suscr\u00edbete                                            <\/button>\n                <\/div>\n            <\/div><!-- End wrapper-->\n            <br\/>\n            <div class=\"ele-form-messages\"><\/div>\n            <div class=\"error-container\"><\/div>\n\n        <\/form>\n\n    \t\t<\/div>\n\t\t\t\t<\/div>\n\t\t\t\t<\/div>\n\t\t\t\t\t<\/div>\n\t\t\t\t<\/div>\n\t\t\t\t<\/div>\n\t\t","protected":false},"excerpt":{"rendered":"<p>Servicios que brindamos 1. SERVICIOS INMOBILIARIOS a) Servicios de venta de propiedades Este servicio est\u00e1 dirigido a propietarios de propiedades. Nos encargamos de la venta de estas propiedades a trav\u00e9s de nuestra amplia cartera de clientes, a la espera de encontrar la propiedad adecuada, y por supuesto a trav\u00e9s de nuestro sitio web, dirigi\u00e9ndolo a [&hellip;]<\/p>\n","protected":false},"author":1,"featured_media":0,"parent":0,"menu_order":0,"comment_status":"closed","ping_status":"closed","template":"","meta":{"footnotes":""},"class_list":["post-32798","page","type-page","status-publish","hentry"],"_links":{"self":[{"href":"https:\/\/www.leros-realestate.com\/es\/wp-json\/wp\/v2\/pages\/32798","targetHints":{"allow":["GET"]}}],"collection":[{"href":"https:\/\/www.leros-realestate.com\/es\/wp-json\/wp\/v2\/pages"}],"about":[{"href":"https:\/\/www.leros-realestate.com\/es\/wp-json\/wp\/v2\/types\/page"}],"author":[{"embeddable":true,"href":"https:\/\/www.leros-realestate.com\/es\/wp-json\/wp\/v2\/users\/1"}],"replies":[{"embeddable":true,"href":"https:\/\/www.leros-realestate.com\/es\/wp-json\/wp\/v2\/comments?post=32798"}],"version-history":[{"count":6,"href":"https:\/\/www.leros-realestate.com\/es\/wp-json\/wp\/v2\/pages\/32798\/revisions"}],"predecessor-version":[{"id":33012,"href":"https:\/\/www.leros-realestate.com\/es\/wp-json\/wp\/v2\/pages\/32798\/revisions\/33012"}],"wp:attachment":[{"href":"https:\/\/www.leros-realestate.com\/es\/wp-json\/wp\/v2\/media?parent=32798"}],"curies":[{"name":"wp","href":"https:\/\/api.w.org\/{rel}","templated":true}]}}