{"id":32989,"date":"2024-10-08T15:55:30","date_gmt":"2024-10-08T13:55:30","guid":{"rendered":"https:\/\/habitrealestate.com\/?page_id=32989"},"modified":"2025-02-03T10:23:04","modified_gmt":"2025-02-03T08:23:04","slug":"construcciones","status":"publish","type":"page","link":"https:\/\/www.leros-realestate.com\/es\/construcciones\/","title":{"rendered":"Construcciones"},"content":{"rendered":"\t\t<div data-elementor-type=\"wp-page\" data-elementor-id=\"32989\" class=\"elementor elementor-32989 elementor-20504\">\n\t\t\t\t<div class=\"elementor-element elementor-element-b5cd2e6 e-flex e-con-boxed e-con e-parent\" data-id=\"b5cd2e6\" data-element_type=\"container\">\n\t\t\t\t\t<div class=\"e-con-inner\">\n\t\t\t\t<div class=\"elementor-element elementor-element-0d151ec elementor-widget elementor-widget-heading\" data-id=\"0d151ec\" data-element_type=\"widget\" data-widget_type=\"heading.default\">\n\t\t\t\t<div class=\"elementor-widget-container\">\n\t\t\t<h2 class=\"elementor-heading-title elementor-size-default\">C\u00f3mo emprendemos las obras<\/h2>\t\t<\/div>\n\t\t\t\t<\/div>\n\t\t\t\t<div class=\"elementor-element elementor-element-df35dbe elementor-widget elementor-widget-text-editor\" data-id=\"df35dbe\" data-element_type=\"widget\" data-widget_type=\"text-editor.default\">\n\t\t\t\t<div class=\"elementor-widget-container\">\n\t\t\t\t\t\t\t<div id=\"qe-faq-3553\" class=\"qe-faq-content\">\n\n<img decoding=\"async\" class=\"alignleft\" src=\"\/wp-content\/uploads\/2024\/10\/2-3.jpg\" width=\"228\" align=\"left\" border=\"0\" \/><b>Tanto<\/b> si no has encontrado una casa a tu gusto (o si la que has encontrado est\u00e1 fuera de tus posibilidades econ\u00f3micas), como si ya tienes un terreno para construir tu propia casa, o si ya tienes una casa propia que necesitas reformar,<b>\u00a0<i>Habit<\/i><\/b>\u00a0a trav\u00e9s de (y junto con) nuestro socio DOMON-architectes pone en pr\u00e1ctica cualquier proyecto, dando pruebas f\u00edsicas a cualquier idea de desarrollo. Nos encargamos de cualquier construcci\u00f3n, ya sea para uso personal o profesional.\nTe garantizamos que tu implicaci\u00f3n en el proceso, tanto en la parte pr\u00e1ctica como en la t\u00e9cnica, ser\u00e1 m\u00ednima. Todo el conjunto de actividades se habr\u00e1 planificado cuidadosamente y se habr\u00e1 acordado con antelaci\u00f3n tras una cuidadosa reflexi\u00f3n contigo. Conocer\u00e1s el resultado final y el presupuesto antes de nuestra primera excavaci\u00f3n.\nLa correcta implementaci\u00f3n de la estrategia es exclusivamente nuestra responsabilidad. Durante el desarrollo te damos la alegr\u00eda de anticipar que tus visualizaciones se hagan realidad, sin sentir presi\u00f3n ni ansiedad. Si ya posee una propiedad y le gustar\u00eda construir en su totalidad, reconstruir una residencia existente, renovar una casa de estilo tradicional o establecer un negocio orientado a la visi\u00f3n, podemos llevar a cabo su proyecto por completo y brindarle informaci\u00f3n y asesoramiento sobre materiales y estilos.\nPuede ver algunos de nuestros trabajos en nuestra p\u00e1gina de\u00a0<a href=\"\/es\/portfolio\" target=\"_blank\" rel=\"noopener\"><span style=\"color: #c78822;\">portfolio.<\/span><\/a>\nSin embargo, en todos los casos anteriores, se deben tener en cuenta ciertas cuestiones y seguir algunos pasos de acci\u00f3n&#8230; Aqu\u00ed se presenta un resumen de esos pasos:\n\n&nbsp;\n\n<\/div>\n<div id=\"qe-faq-3553\" class=\"qe-faq-content\">\n<h4>1. SELECCI\u00d3N DE ESTILO DE CONSTRUCCI\u00d3N, COSTOS Y DISE\u00d1OS<\/h4>\nEsta secci\u00f3n incluye las ideas y necesidades del cliente en relaci\u00f3n con la funcionalidad y la forma y el estilo de construcci\u00f3n o reconstrucci\u00f3n.\nNos aseguramos de que conozca los temas discutidos para que tengamos un resultado que refleje sus demandas, est\u00e9 completamente equipado con todos los suministros tecnol\u00f3gicos y est\u00e9ticos existentes y dentro del presupuesto determinado. Este proceso tiene un producto final, los dise\u00f1os arquitect\u00f3nicos y t\u00e9cnicos, que son la base de la materializaci\u00f3n del edificio que acordamos al final de esta discusi\u00f3n. Estos dise\u00f1os y planos constituyen la propuesta de construcci\u00f3n que se presentar\u00e1 a la oficina de Urbanismo competente del ayuntamiento para su aprobaci\u00f3n.\n\n&nbsp;\n\n<\/div>\n<div id=\"qe-faq-3553\" class=\"qe-faq-content\">\n<h4>2. PERMISO DE CONSTRUCCI\u00d3N<\/h4>\nLuego de presentar la propuesta de construcci\u00f3n en la Direcci\u00f3n Municipal de Urbanismo, entregamos una carpeta con todos los documentos necesarios (planos, informes, estudios y justificantes fiscales) y hacemos un seguimiento del avance hasta la emisi\u00f3n del permiso.\n\n&nbsp;\n\n<\/div>\n<div id=\"qe-faq-3553\" class=\"qe-faq-content\">\n<h4>3. CONTRATO PRIVADO<\/h4>\nDurante y\/o despu\u00e9s de la emisi\u00f3n del permiso de construcci\u00f3n, se implementa una asignaci\u00f3n presupuestaria y una planificaci\u00f3n de acuerdo con los materiales que se utilizar\u00e1n para el edificio en particular. El presupuesto se discute y se modifica dentro de lo razonable, si es necesario, agregando o quitando obras y materiales, y cuando se acuerda constituye la base para el acuerdo final. El acuerdo final se firma por ambas partes. Los t\u00e9rminos y condiciones en este acuerdo son financieros, t\u00e9cnicos, legales y sobre los materiales que se van a utilizar. Esos t\u00e9rminos son en general los siguientes:\n<ul>\n \t<li>&#8211; La descripci\u00f3n general de la obra.<\/li>\n \t<li>&#8211; Las responsabilidades del constructor frente al propietario.<\/li>\n \t<li>&#8211; Los plazos de entrega de la obra y las cl\u00e1usulas econ\u00f3micas en caso de retraso en la entrega.<\/li>\n \t<li>&#8211; El importe total y el calendario de pagos en funci\u00f3n del avance de las obras.<\/li>\n \t<li>&#8211; La descripci\u00f3n precisa de las obras y materiales para cada parte de la obra (es decir, estructura principal, paredes, cubiertas, marcos, instalaciones) constituye una segunda parte del contrato como anexo al mismo.<\/li>\n \t<li>&#8211; Los planos y dise\u00f1os de la obra y de las instalaciones tambi\u00e9n se adjuntan y constituyen (al igual que el acuerdo t\u00e9cnico descrito anteriormente) parte inseparable del contrato.<\/li>\n<\/ul>\n<\/div>\n<div id=\"qe-faq-3553\" class=\"qe-faq-content\">\n<h4>4. MATERIALIZACI\u00d3N<\/h4>\nSu iniciativa en esta parte es insignificante ya que la ejecuci\u00f3n de los planos y de todas las condiciones acordadas es nuestra responsabilidad, asegurando la entrega del producto deseado. Su participaci\u00f3n es m\u00ednima, ya que su \u00fanica tarea es sentarse tranquilamente como est\u00e1 ahora y observar nuestro desempe\u00f1o de acuerdo con el cronograma. Puedes visitar la obra cuando quieras, todos los d\u00edas o nunca, pero te sugerimos que est\u00e9s presente en dos o tres momentos cruciales, en lo que respecta a la elecci\u00f3n de algunos detalles que son cr\u00edticos para el producto final.\n\n<\/div>\n<h6>El resultado de muchos trabajos que hemos realizado lo puedes ver <a href=\"\/es\/portfolio\" target=\"_blank\" rel=\"noopener\"><span style=\"color: #c78822;\">Aqu\u00ed.<\/span><\/a><\/h6>\t\t\t\t\t\t<\/div>\n\t\t\t\t<\/div>\n\t\t\t\t\t<\/div>\n\t\t\t\t<\/div>\n\t\t<div class=\"elementor-element elementor-element-0c0a051 e-flex e-con-boxed e-con e-parent\" data-id=\"0c0a051\" data-element_type=\"container\">\n\t\t\t\t\t<div class=\"e-con-inner\">\n\t\t<div class=\"elementor-element elementor-element-d14911e e-con-full e-flex e-con e-child\" data-id=\"d14911e\" data-element_type=\"container\" data-settings=\"{&quot;background_background&quot;:&quot;classic&quot;}\">\n\t\t<div class=\"elementor-element elementor-element-548cf75 e-con-full e-flex e-con e-child\" data-id=\"548cf75\" data-element_type=\"container\">\n\t\t\t\t<div class=\"elementor-element elementor-element-67ecf7c elementor-widget elementor-widget-text-editor\" data-id=\"67ecf7c\" data-element_type=\"widget\" data-widget_type=\"text-editor.default\">\n\t\t\t\t<div class=\"elementor-widget-container\">\n\t\t\t\t\t\t\t<strong>Suscr\u00edbete a nuestro Newsletter, para recibir primero nuestros Nuevos Anuncios y Promociones.<\/strong>\t\t\t\t\t\t<\/div>\n\t\t\t\t<\/div>\n\t\t\t\t<\/div>\n\t\t\t\t<div class=\"elementor-element elementor-element-910c554 elementor-button-align-stretch elementor-widget elementor-widget-houzez_elementor_contact_form\" data-id=\"910c554\" data-element_type=\"widget\" data-widget_type=\"houzez_elementor_contact_form.default\">\n\t\t\t\t<div class=\"elementor-widget-container\">\n\t\t\t\n        <script type=\"application\/javascript\">\n            jQuery(document).bind(\"ready\", function () {\n                houzezValidateElementor(\"#houzez-form-910c554\" );\n            });\n        <\/script>\n\n        <form class=\"elementor-form\" id=\"houzez-form-910c554\" method=\"post\" name=\"Newsletter Subscription\" action=\"https:\/\/www.leros-realestate.com\/wp-admin\/admin-ajax.php\">\n            <input type=\"hidden\" name=\"form_id\" value=\"910c554\"\/>\n            <input type=\"hidden\" name=\"houzez_contact_form\" value=\"yes\"\/>\n            <input type=\"hidden\" name=\"action\" value=\"houzez_ele_contact_form\" \/>\n            <input type=\"hidden\" name=\"source_link\" value=\"https:\/\/www.leros-realestate.com\/es\/construcciones\/\" \/>\n            <input type=\"hidden\" name=\"lead_page_id\" value=\"32989\" \/>\n            <input type=\"hidden\" name=\"email_to\" value=\"newsletter@habitrealestate.com\" \/>\n            <input type=\"hidden\" name=\"email_subject\" value=\"New message from &quot;Habit RealEstate &amp; Constructions Company in the Dodecanese islands&quot;\" \/>\n            <input type=\"hidden\" name=\"email_to_cc\" value=\"\" \/>\n            <input type=\"hidden\" name=\"email_to_bcc\" value=\"\" \/>\n            <input type=\"hidden\" name=\"webhook\" value=\"true\" \/>\n            <input type=\"hidden\" name=\"webhook_url\" value=\"\" \/>\n            <input type=\"hidden\" name=\"redirect_to\" value=\"\" \/>\n            <input type=\"hidden\" name=\"google_recaptcha\" value=\"yes\" \/>\n            \n\n            <div class=\"elementor-form-fields-wrapper elementor-labels-above\">\n\n                                    <div class=\"elementor-field-group elementor-column form-group elementor-field-group-name elementor-col-33 elementor-field-required elementor-mark-required\">\n                    <label for=\"form-field-name\" class=\"elementor-field-label\">Nombre<\/label><input type=\"text\" name=\"name\" id=\"form-field-name\" class=\"elementor-field form-control elementor-size-xs elementor-field-textual\" placeholder=\"Su Nombre\" title=\"* Nombre\" required=\"required\">                    <\/div>\n\n                                        <div class=\"elementor-field-group elementor-column form-group elementor-field-group-email elementor-col-33 elementor-field-required elementor-mark-required\">\n                    <label for=\"form-field-email\" class=\"elementor-field-label\">Correo electr\u00f3nico<\/label><input type=\"email\" name=\"email\" id=\"form-field-email\" class=\"elementor-field form-control elementor-size-xs elementor-field-textual\" placeholder=\"Su Email\" title=\"* Correo electr\u00f3nico\" required=\"required\">                    <\/div>\n\n                    \n                    \n                                        <div class=\"\">\n                        <div class=\"form-group captcha_wrapper houzez-grecaptcha-v3\">\n    <div class=\"houzez_google_reCaptcha\"><\/div>\n<\/div>\n                    <\/div>\n                    \n                    <div class=\"elementor-field-group elementor-column elementor-field-type-submit elementor-col-33\">\n                    <button type=\"submit\" class=\"houzez-submit-button houzez-contact-form-js elementor-button elementor-size-sm\">\n                        <i class=\"btn-loader houzez-loader-js\"><\/i>\n                                                    Suscr\u00edbete                                            <\/button>\n                <\/div>\n            <\/div><!-- End wrapper-->\n            <br\/>\n            <div class=\"ele-form-messages\"><\/div>\n            <div class=\"error-container\"><\/div>\n\n        <\/form>\n\n    \t\t<\/div>\n\t\t\t\t<\/div>\n\t\t\t\t<\/div>\n\t\t\t\t\t<\/div>\n\t\t\t\t<\/div>\n\t\t\t\t<\/div>\n\t\t","protected":false},"excerpt":{"rendered":"<p>C\u00f3mo emprendemos las obras Tanto si no has encontrado una casa a tu gusto (o si la que has encontrado est\u00e1 fuera de tus posibilidades econ\u00f3micas), como si ya tienes un terreno para construir tu propia casa, o si ya tienes una casa propia que necesitas reformar,\u00a0Habit\u00a0a trav\u00e9s de (y junto con) nuestro socio DOMON-architectes [&hellip;]<\/p>\n","protected":false},"author":2,"featured_media":0,"parent":0,"menu_order":0,"comment_status":"closed","ping_status":"closed","template":"","meta":{"footnotes":""},"class_list":["post-32989","page","type-page","status-publish","hentry"],"_links":{"self":[{"href":"https:\/\/www.leros-realestate.com\/es\/wp-json\/wp\/v2\/pages\/32989","targetHints":{"allow":["GET"]}}],"collection":[{"href":"https:\/\/www.leros-realestate.com\/es\/wp-json\/wp\/v2\/pages"}],"about":[{"href":"https:\/\/www.leros-realestate.com\/es\/wp-json\/wp\/v2\/types\/page"}],"author":[{"embeddable":true,"href":"https:\/\/www.leros-realestate.com\/es\/wp-json\/wp\/v2\/users\/2"}],"replies":[{"embeddable":true,"href":"https:\/\/www.leros-realestate.com\/es\/wp-json\/wp\/v2\/comments?post=32989"}],"version-history":[{"count":25,"href":"https:\/\/www.leros-realestate.com\/es\/wp-json\/wp\/v2\/pages\/32989\/revisions"}],"predecessor-version":[{"id":33251,"href":"https:\/\/www.leros-realestate.com\/es\/wp-json\/wp\/v2\/pages\/32989\/revisions\/33251"}],"wp:attachment":[{"href":"https:\/\/www.leros-realestate.com\/es\/wp-json\/wp\/v2\/media?parent=32989"}],"curies":[{"name":"wp","href":"https:\/\/api.w.org\/{rel}","templated":true}]}}